{"id":23,"date":"2025-10-14T11:44:34","date_gmt":"2025-10-14T11:44:34","guid":{"rendered":"https:\/\/interesting-beaver.82-98-162-131.plesk.page\/?page_id=23"},"modified":"2025-11-03T12:21:31","modified_gmt":"2025-11-03T12:21:31","slug":"restaurantes","status":"publish","type":"page","link":"https:\/\/interesting-beaver.82-98-162-131.plesk.page\/index.php\/restaurantes\/","title":{"rendered":"Restaurantes"},"content":{"rendered":"\t\t<div data-elementor-type=\"wp-page\" data-elementor-id=\"23\" class=\"elementor elementor-23\">\n\t\t\t\t<div class=\"elementor-element elementor-element-ab1da13 e-con-full e-flex wpr-particle-no wpr-jarallax-no wpr-parallax-no wpr-sticky-section-no e-con e-parent\" data-id=\"ab1da13\" data-element_type=\"container\" data-settings=\"{&quot;background_background&quot;:&quot;classic&quot;}\">\n\t\t<div class=\"elementor-element elementor-element-fc3c110 e-flex e-con-boxed wpr-particle-no wpr-jarallax-no wpr-parallax-no wpr-sticky-section-no elementor-invisible e-con e-child\" data-id=\"fc3c110\" data-element_type=\"container\" data-settings=\"{&quot;animation&quot;:&quot;fadeInDown&quot;}\">\n\t\t\t\t\t<div class=\"e-con-inner\">\n\t\t<div class=\"elementor-element elementor-element-6dc0787 e-con-full e-flex wpr-particle-no wpr-jarallax-no wpr-parallax-no wpr-sticky-section-no e-con e-child\" data-id=\"6dc0787\" data-element_type=\"container\">\n\t\t\t\t<div class=\"elementor-element elementor-element-355ce94 elementor-widget elementor-widget-heading\" data-id=\"355ce94\" data-element_type=\"widget\" data-widget_type=\"heading.default\">\n\t\t\t\t\t<h1 class=\"elementor-heading-title elementor-size-default\">Restaurantes<\/h1>\t\t\t\t<\/div>\n\t\t\t\t<\/div>\n\t\t\t\t\t<\/div>\n\t\t\t\t<\/div>\n\t\t\t\t<\/div>\n\t\t<div class=\"elementor-element elementor-element-851c7ae e-flex e-con-boxed wpr-particle-no wpr-jarallax-no wpr-parallax-no wpr-sticky-section-no e-con e-parent\" data-id=\"851c7ae\" data-element_type=\"container\">\n\t\t\t\t\t<div class=\"e-con-inner\">\n\t\t<div class=\"elementor-element elementor-element-705bf4b e-con-full e-flex wpr-particle-no wpr-jarallax-no wpr-parallax-no wpr-sticky-section-no elementor-invisible e-con e-child\" data-id=\"705bf4b\" data-element_type=\"container\" data-settings=\"{&quot;animation&quot;:&quot;fadeInLeft&quot;}\">\n\t\t\t\t<div class=\"elementor-element elementor-element-867281d elementor-widget elementor-widget-heading\" data-id=\"867281d\" data-element_type=\"widget\" data-widget_type=\"heading.default\">\n\t\t\t\t\t<h2 class=\"elementor-heading-title elementor-size-default\">Comer en Val de San Vicente<\/h2>\t\t\t\t<\/div>\n\t\t\t\t<div class=\"elementor-element elementor-element-a2680b6 elementor-widget elementor-widget-text-editor\" data-id=\"a2680b6\" data-element_type=\"widget\" data-widget_type=\"text-editor.default\">\n\t\t\t\t\t\t\t\t\t<p data-start=\"153\" data-end=\"382\">En Val de San Vicente, la mesa es parte del paisaje. Parrillas, sidrer\u00edas y tabernas locales mantienen vivo el gusto por el producto y el fuego lento. Aqu\u00ed se come con calma, entre la brisa del Cant\u00e1brico y el aroma de la le\u00f1a<\/p>\t\t\t\t\t\t\t\t<\/div>\n\t\t\t\t<\/div>\n\t\t<div class=\"elementor-element elementor-element-bcf3425 e-con-full e-flex wpr-particle-no wpr-jarallax-no wpr-parallax-no wpr-sticky-section-no elementor-invisible e-con e-child\" data-id=\"bcf3425\" data-element_type=\"container\" data-settings=\"{&quot;animation&quot;:&quot;fadeInRight&quot;}\">\n\t\t\t\t<div class=\"elementor-element elementor-element-e283c20 elementor-widget elementor-widget-image\" data-id=\"e283c20\" data-element_type=\"widget\" data-widget_type=\"image.default\">\n\t\t\t\t\t\t\t\t\t\t\t\t\t\t\t<img fetchpriority=\"high\" decoding=\"async\" width=\"768\" height=\"1024\" src=\"https:\/\/interesting-beaver.82-98-162-131.plesk.page\/wp-content\/uploads\/2025\/10\/Sin-titulo-1-768x1024.jpeg\" class=\"attachment-large size-large wp-image-285\" alt=\"Comer en Cantabria\" srcset=\"https:\/\/interesting-beaver.82-98-162-131.plesk.page\/wp-content\/uploads\/2025\/10\/Sin-titulo-1-768x1024.jpeg 768w, https:\/\/interesting-beaver.82-98-162-131.plesk.page\/wp-content\/uploads\/2025\/10\/Sin-titulo-1-225x300.jpeg 225w, https:\/\/interesting-beaver.82-98-162-131.plesk.page\/wp-content\/uploads\/2025\/10\/Sin-titulo-1.jpeg 900w\" sizes=\"(max-width: 768px) 100vw, 768px\" \/>\t\t\t\t\t\t\t\t\t\t\t\t\t\t\t<\/div>\n\t\t\t\t<\/div>\n\t\t\t\t\t<\/div>\n\t\t\t\t<\/div>\n\t\t<div class=\"elementor-element elementor-element-57e40ba animated-slow e-flex e-con-boxed wpr-particle-no wpr-jarallax-no wpr-parallax-no wpr-sticky-section-no elementor-invisible e-con e-parent\" data-id=\"57e40ba\" data-element_type=\"container\" data-settings=\"{&quot;background_background&quot;:&quot;classic&quot;,&quot;animation&quot;:&quot;fadeIn&quot;}\">\n\t\t\t\t\t<div class=\"e-con-inner\">\n\t\t<div class=\"elementor-element elementor-element-397736d e-con-full e-flex wpr-particle-no wpr-jarallax-no wpr-parallax-no wpr-sticky-section-no e-con e-child\" data-id=\"397736d\" data-element_type=\"container\">\n\t\t\t\t<div class=\"elementor-element elementor-element-b880ab1 elementor-widget elementor-widget-image\" data-id=\"b880ab1\" data-element_type=\"widget\" data-widget_type=\"image.default\">\n\t\t\t\t\t\t\t\t\t\t\t\t\t\t\t<img decoding=\"async\" width=\"400\" height=\"76\" src=\"https:\/\/interesting-beaver.82-98-162-131.plesk.page\/wp-content\/uploads\/2025\/10\/logo-la-parrilla-de-prellezo.webp\" class=\"attachment-large size-large wp-image-297\" alt=\"Logo La parrilla de prellezo\" srcset=\"https:\/\/interesting-beaver.82-98-162-131.plesk.page\/wp-content\/uploads\/2025\/10\/logo-la-parrilla-de-prellezo.webp 400w, https:\/\/interesting-beaver.82-98-162-131.plesk.page\/wp-content\/uploads\/2025\/10\/logo-la-parrilla-de-prellezo-300x57.webp 300w\" sizes=\"(max-width: 400px) 100vw, 400px\" \/>\t\t\t\t\t\t\t\t\t\t\t\t\t\t\t<\/div>\n\t\t<div class=\"elementor-element elementor-element-77e4cb9 e-con-full e-flex wpr-particle-no wpr-jarallax-no wpr-parallax-no wpr-sticky-section-no e-con e-child\" data-id=\"77e4cb9\" data-element_type=\"container\">\n\t\t\t\t<div class=\"elementor-element elementor-element-d8cebc6 elementor-align-center elementor-widget elementor-widget-button\" data-id=\"d8cebc6\" data-element_type=\"widget\" data-widget_type=\"button.default\">\n\t\t\t\t\t\t\t\t\t\t<a class=\"elementor-button elementor-button-link elementor-size-sm\" href=\"https:\/\/laparrilladeprellezo.com\/\">\n\t\t\t\t\t\t<span class=\"elementor-button-content-wrapper\">\n\t\t\t\t\t\t\t\t\t<span class=\"elementor-button-text\">Ver carta<\/span>\n\t\t\t\t\t<\/span>\n\t\t\t\t\t<\/a>\n\t\t\t\t\t\t\t\t<\/div>\n\t\t\t\t<\/div>\n\t\t\t\t<\/div>\n\t\t<div class=\"elementor-element elementor-element-afa7ce9 e-con-full e-flex wpr-particle-no wpr-jarallax-no wpr-parallax-no wpr-sticky-section-no e-con e-child\" data-id=\"afa7ce9\" data-element_type=\"container\">\n\t\t\t\t<div class=\"elementor-element elementor-element-eb34341 elementor-widget elementor-widget-heading\" data-id=\"eb34341\" data-element_type=\"widget\" data-widget_type=\"heading.default\">\n\t\t\t\t\t<h2 class=\"elementor-heading-title elementor-size-default\">La parrilla de Prellezo<\/h2>\t\t\t\t<\/div>\n\t\t\t\t<div class=\"elementor-element elementor-element-f10162d elementor-widget elementor-widget-text-editor\" data-id=\"f10162d\" data-element_type=\"widget\" data-widget_type=\"text-editor.default\">\n\t\t\t\t\t\t\t\t\t<p data-start=\"153\" data-end=\"384\">A pocos minutos de la costa, Prellezo conserva la calma de los pueblos donde la vida sigue su propio ritmo. En sus calles se respira ese equilibrio entre el verde del campo y la brisa del mar que define a todo Val de San Vicente.<\/p><p data-start=\"386\" data-end=\"725\">En ese entorno nace <strong data-start=\"406\" data-end=\"433\">La Parrilla de Prellezo<\/strong>, un restaurante que hace del fuego su lenguaje. Cada corte de carne se cocina con precisi\u00f3n sobre brasas que respetan el punto y realzan el sabor, sin artificios. El aroma a parrilla se mezcla con el de los vinos que acompa\u00f1an la comida y el de los postres caseros que cierran cada visita.<\/p><p data-start=\"727\" data-end=\"870\">M\u00e1s que un restaurante, es una celebraci\u00f3n de lo sencillo: buen producto, buena compa\u00f1\u00eda y la calma de un pueblo donde todo sabe a aut\u00e9ntico.<\/p>\t\t\t\t\t\t\t\t<\/div>\n\t\t\t\t<\/div>\n\t\t\t\t\t<\/div>\n\t\t\t\t<\/div>\n\t\t<div class=\"elementor-element elementor-element-dc468b8 e-flex e-con-boxed wpr-particle-no wpr-jarallax-no wpr-parallax-no wpr-sticky-section-no e-con e-parent\" data-id=\"dc468b8\" data-element_type=\"container\">\n\t\t\t\t\t<div class=\"e-con-inner\">\n\t\t<div class=\"elementor-element elementor-element-5c859d2 e-con-full e-flex wpr-particle-no wpr-jarallax-no wpr-parallax-no wpr-sticky-section-no elementor-invisible e-con e-child\" data-id=\"5c859d2\" data-element_type=\"container\" data-settings=\"{&quot;animation&quot;:&quot;fadeInLeft&quot;}\">\n\t\t\t\t<div class=\"elementor-element elementor-element-bd122b5 elementor-widget elementor-widget-image\" data-id=\"bd122b5\" data-element_type=\"widget\" data-widget_type=\"image.default\">\n\t\t\t\t\t\t\t\t\t\t\t\t\t\t\t<img decoding=\"async\" width=\"960\" height=\"640\" src=\"https:\/\/interesting-beaver.82-98-162-131.plesk.page\/wp-content\/uploads\/2025\/10\/comida-a-la-parrilla-cantabria.webp\" class=\"attachment-large size-large wp-image-308\" alt=\"Comida a la parrilla en Cantabria\" srcset=\"https:\/\/interesting-beaver.82-98-162-131.plesk.page\/wp-content\/uploads\/2025\/10\/comida-a-la-parrilla-cantabria.webp 1024w, https:\/\/interesting-beaver.82-98-162-131.plesk.page\/wp-content\/uploads\/2025\/10\/comida-a-la-parrilla-cantabria-300x200.webp 300w, https:\/\/interesting-beaver.82-98-162-131.plesk.page\/wp-content\/uploads\/2025\/10\/comida-a-la-parrilla-cantabria-768x512.webp 768w\" sizes=\"(max-width: 960px) 100vw, 960px\" \/>\t\t\t\t\t\t\t\t\t\t\t\t\t\t\t<\/div>\n\t\t\t\t<\/div>\n\t\t<div class=\"elementor-element elementor-element-669270b e-con-full e-flex wpr-particle-no wpr-jarallax-no wpr-parallax-no wpr-sticky-section-no elementor-invisible e-con e-child\" data-id=\"669270b\" data-element_type=\"container\" data-settings=\"{&quot;animation&quot;:&quot;fadeInRight&quot;}\">\n\t\t\t\t<div class=\"elementor-element elementor-element-f026ff1 elementor-widget elementor-widget-image\" data-id=\"f026ff1\" data-element_type=\"widget\" data-widget_type=\"image.default\">\n\t\t\t\t\t\t\t\t\t\t\t\t\t\t\t<img loading=\"lazy\" decoding=\"async\" width=\"781\" height=\"1024\" src=\"https:\/\/interesting-beaver.82-98-162-131.plesk.page\/wp-content\/uploads\/2025\/10\/comida-cantabra.webp\" class=\"attachment-large size-large wp-image-296\" alt=\"Restaurantes especialidad de carne en Cantabria\" srcset=\"https:\/\/interesting-beaver.82-98-162-131.plesk.page\/wp-content\/uploads\/2025\/10\/comida-cantabra.webp 781w, https:\/\/interesting-beaver.82-98-162-131.plesk.page\/wp-content\/uploads\/2025\/10\/comida-cantabra-229x300.webp 229w, https:\/\/interesting-beaver.82-98-162-131.plesk.page\/wp-content\/uploads\/2025\/10\/comida-cantabra-768x1007.webp 768w\" sizes=\"(max-width: 781px) 100vw, 781px\" \/>\t\t\t\t\t\t\t\t\t\t\t\t\t\t\t<\/div>\n\t\t\t\t<\/div>\n\t\t\t\t\t<\/div>\n\t\t\t\t<\/div>\n\t\t<div class=\"elementor-element elementor-element-09a68fb e-flex e-con-boxed wpr-particle-no wpr-jarallax-no wpr-parallax-no wpr-sticky-section-no e-con e-parent\" data-id=\"09a68fb\" data-element_type=\"container\">\n\t\t\t\t\t<div class=\"e-con-inner\">\n\t\t\t\t<div class=\"elementor-element elementor-element-5764867 elementor-hidden-tablet elementor-hidden-mobile elementor-invisible elementor-widget elementor-widget-image\" data-id=\"5764867\" data-element_type=\"widget\" data-settings=\"{&quot;_animation&quot;:&quot;zoomIn&quot;}\" data-widget_type=\"image.default\">\n\t\t\t\t\t\t\t\t\t\t\t\t\t\t\t<img loading=\"lazy\" decoding=\"async\" width=\"960\" height=\"639\" src=\"https:\/\/interesting-beaver.82-98-162-131.plesk.page\/wp-content\/uploads\/2025\/10\/comer-pescado-fresco-cantabria.webp\" class=\"attachment-large size-large wp-image-309\" alt=\"Comer pescado fresco en Cantabria\" srcset=\"https:\/\/interesting-beaver.82-98-162-131.plesk.page\/wp-content\/uploads\/2025\/10\/comer-pescado-fresco-cantabria.webp 1024w, https:\/\/interesting-beaver.82-98-162-131.plesk.page\/wp-content\/uploads\/2025\/10\/comer-pescado-fresco-cantabria-300x200.webp 300w, https:\/\/interesting-beaver.82-98-162-131.plesk.page\/wp-content\/uploads\/2025\/10\/comer-pescado-fresco-cantabria-768x512.webp 768w\" sizes=\"(max-width: 960px) 100vw, 960px\" \/>\t\t\t\t\t\t\t\t\t\t\t\t\t\t\t<\/div>\n\t\t\t\t\t<\/div>\n\t\t\t\t<\/div>\n\t\t<div class=\"elementor-element elementor-element-31c0e08 animated-slow e-flex e-con-boxed wpr-particle-no wpr-jarallax-no wpr-parallax-no wpr-sticky-section-no elementor-invisible e-con e-parent\" data-id=\"31c0e08\" data-element_type=\"container\" data-settings=\"{&quot;background_background&quot;:&quot;classic&quot;,&quot;animation&quot;:&quot;fadeIn&quot;}\">\n\t\t\t\t\t<div class=\"e-con-inner\">\n\t\t\t\t<div class=\"elementor-element elementor-element-04bf373 elementor-widget elementor-widget-heading\" data-id=\"04bf373\" data-element_type=\"widget\" data-widget_type=\"heading.default\">\n\t\t\t\t\t<h2 class=\"elementor-heading-title elementor-size-default\">\u00bfSin saber d\u00f3nde dormir?<\/h2>\t\t\t\t<\/div>\n\t\t\t\t<div class=\"elementor-element elementor-element-16c44e0 elementor-widget elementor-widget-text-editor\" data-id=\"16c44e0\" data-element_type=\"widget\" data-widget_type=\"text-editor.default\">\n\t\t\t\t\t\t\t\t\t<p>El <strong>Mirador de San Vicente<\/strong> es una opci\u00f3n ideal para descansar y desconectar mientras pasas unos d\u00edas disfrutando de la zona<\/p>\t\t\t\t\t\t\t\t<\/div>\n\t\t\t\t<div class=\"elementor-element elementor-element-d7683d4 elementor-align-center elementor-widget elementor-widget-button\" data-id=\"d7683d4\" data-element_type=\"widget\" data-widget_type=\"button.default\">\n\t\t\t\t\t\t\t\t\t\t<a class=\"elementor-button elementor-button-link elementor-size-sm\" href=\"https:\/\/interesting-beaver.82-98-162-131.plesk.page\/index.php\/alojamiento\/\">\n\t\t\t\t\t\t<span class=\"elementor-button-content-wrapper\">\n\t\t\t\t\t\t\t\t\t<span class=\"elementor-button-text\">Alojamientos<\/span>\n\t\t\t\t\t<\/span>\n\t\t\t\t\t<\/a>\n\t\t\t\t\t\t\t\t<\/div>\n\t\t\t\t\t<\/div>\n\t\t\t\t<\/div>\n\t\t\t\t<\/div>\n\t\t","protected":false},"excerpt":{"rendered":"<p>Restaurantes Comer en Val de San Vicente En Val de San Vicente, la mesa es parte del paisaje. Parrillas, sidrer\u00edas y tabernas locales mantienen vivo el gusto por el producto y el fuego lento. Aqu\u00ed se come con calma, entre la brisa del Cant\u00e1brico y el aroma de la le\u00f1a Ver carta La parrilla de Prellezo A pocos minutos de la costa, Prellezo conserva la calma de los pueblos donde la vida sigue su propio ritmo. En sus calles se respira ese equilibrio entre el verde del campo y la brisa del mar que define a todo Val de San Vicente. En ese entorno nace La Parrilla de Prellezo, un restaurante que hace del fuego su lenguaje. Cada corte de carne se cocina con precisi\u00f3n sobre brasas que respetan el punto y realzan el sabor, sin artificios. El aroma a parrilla se mezcla con el de los vinos que acompa\u00f1an la comida y el de los postres caseros que cierran cada visita. M\u00e1s que un restaurante, es una celebraci\u00f3n de lo sencillo: buen producto, buena compa\u00f1\u00eda y la calma de un pueblo donde todo sabe a aut\u00e9ntico. \u00bfSin saber d\u00f3nde dormir? El Mirador de San Vicente es una opci\u00f3n ideal para descansar y desconectar mientras pasas unos d\u00edas disfrutando de la zona Alojamientos<\/p>\n","protected":false},"author":1,"featured_media":0,"parent":0,"menu_order":0,"comment_status":"closed","ping_status":"closed","template":"elementor_header_footer","meta":{"footnotes":""},"class_list":["post-23","page","type-page","status-publish","hentry"],"_links":{"self":[{"href":"https:\/\/interesting-beaver.82-98-162-131.plesk.page\/index.php\/wp-json\/wp\/v2\/pages\/23","targetHints":{"allow":["GET"]}}],"collection":[{"href":"https:\/\/interesting-beaver.82-98-162-131.plesk.page\/index.php\/wp-json\/wp\/v2\/pages"}],"about":[{"href":"https:\/\/interesting-beaver.82-98-162-131.plesk.page\/index.php\/wp-json\/wp\/v2\/types\/page"}],"author":[{"embeddable":true,"href":"https:\/\/interesting-beaver.82-98-162-131.plesk.page\/index.php\/wp-json\/wp\/v2\/users\/1"}],"replies":[{"embeddable":true,"href":"https:\/\/interesting-beaver.82-98-162-131.plesk.page\/index.php\/wp-json\/wp\/v2\/comments?post=23"}],"version-history":[{"count":86,"href":"https:\/\/interesting-beaver.82-98-162-131.plesk.page\/index.php\/wp-json\/wp\/v2\/pages\/23\/revisions"}],"predecessor-version":[{"id":659,"href":"https:\/\/interesting-beaver.82-98-162-131.plesk.page\/index.php\/wp-json\/wp\/v2\/pages\/23\/revisions\/659"}],"wp:attachment":[{"href":"https:\/\/interesting-beaver.82-98-162-131.plesk.page\/index.php\/wp-json\/wp\/v2\/media?parent=23"}],"curies":[{"name":"wp","href":"https:\/\/api.w.org\/{rel}","templated":true}]}}